{"id":190,"date":"2022-01-21T16:34:16","date_gmt":"2022-01-21T16:34:16","guid":{"rendered":"http:\/\/intersport-poetscher.at\/?page_id=190"},"modified":"2023-06-15T14:07:02","modified_gmt":"2023-06-15T14:07:02","slug":"test-seite","status":"publish","type":"page","link":"https:\/\/www.flock-print.at\/","title":{"rendered":"Flock+Print"},"content":{"rendered":"\n<h2 class=\"wp-block-heading has-text-align-center\" id=\"about\">100% <strong>HANDARBEIT<\/strong> AUS \u00d6STERREICH<\/h2>\n\n\n\n<p class=\"has-text-align-left bg-green content-width\">F\u00fcr das steht die Firma FLOCK+PRINT seit dem Jahr 1980. Die gesamte Wertsch\u00f6pfung jeglicher<br>Art von Textilveredelung findet am Standort Ottensheim im Land ob der Enns statt.<br><br>Heute besteht unser Team aus 17 kompetenten Fachmitarbeitern, die jeden Ihrer Kundenauftr\u00e4ge<br>mit Sorgfalt, Zuverl\u00e4ssigkeit und der Liebe zum Detail bearbeitet.<\/p>\n\n\n\n<h3 class=\"wp-block-heading has-text-align-center bg-blue\">\u201eUnsere <strong>LEIDENSCHAFT<\/strong> liegt in der <strong>VEREDELUNG<\/strong> ihrer Textilien!<br>Denn <strong>WIR<\/strong> sind einzigartig in dem was wir tun\u201c<\/h3>\n\n\n\n<div style=\"height:80px\" aria-hidden=\"true\" class=\"wp-block-spacer\"><\/div>\n\n\n\n<h2 class=\"wp-block-heading has-text-align-center\" id=\"products\">WAS WIR F\u00dcR SIE <strong>VEREDELN<\/strong><\/h2>\n\n\n\n<div class=\"wp-block-group bg-green\"><div class=\"wp-block-group__inner-container is-layout-flow wp-block-group-is-layout-flow\">\n<p class=\"has-text-align-left content-width\">Mit 42 Jahren Erfahrung in der Textilveredelung und langj\u00e4hrigen Partnerschaften mit namhaften Textilherstellern aus der Sport- und Freizeitbranche sind wir einzigartig in \u00d6sterreich. Unsere L\u00f6sungen in Kombination mit hochwertigen Veredelungsverfahren verleihen dabei ihren Textilien Individualit\u00e4t und machen sie unverwechselbar. Wir veredeln f\u00fcr Sie jede Art von \u2026<\/p>\n\n\n\n<div style=\"height:25px\" aria-hidden=\"true\" class=\"wp-block-spacer\"><\/div>\n\n\n\n<figure class=\"wp-block-gallery has-nested-images columns-5 is-cropped wp-block-gallery-1 is-layout-flex wp-block-gallery-is-layout-flex\">\n<figure class=\"wp-block-image size-large\"><img loading=\"lazy\" decoding=\"async\" width=\"221\" height=\"221\" data-id=\"258\" src=\"http:\/\/intersport-poetscher.at\/wp-content\/uploads\/2022\/03\/firmenbekleidung-1.png\" alt=\"\" class=\"wp-image-258\" srcset=\"https:\/\/www.flock-print.at\/wp-content\/uploads\/2022\/03\/firmenbekleidung-1.png 221w, https:\/\/www.flock-print.at\/wp-content\/uploads\/2022\/03\/firmenbekleidung-1-150x150.png 150w\" sizes=\"auto, (max-width: 221px) 100vw, 221px\" \/><figcaption class=\"wp-element-caption\"><strong>Arbeits- &amp; Firmenbekleidung<\/strong><\/figcaption><\/figure>\n\n\n\n<figure class=\"wp-block-image size-large\"><img loading=\"lazy\" decoding=\"async\" width=\"220\" height=\"220\" data-id=\"257\" src=\"http:\/\/intersport-poetscher.at\/wp-content\/uploads\/2022\/03\/sportbekleidung.png\" alt=\"\" class=\"wp-image-257\" srcset=\"https:\/\/www.flock-print.at\/wp-content\/uploads\/2022\/03\/sportbekleidung.png 220w, https:\/\/www.flock-print.at\/wp-content\/uploads\/2022\/03\/sportbekleidung-150x150.png 150w\" sizes=\"auto, (max-width: 220px) 100vw, 220px\" \/><figcaption class=\"wp-element-caption\"><strong>Sport- &amp; Vereinsbekleidung<\/strong><\/figcaption><\/figure>\n\n\n\n<figure class=\"wp-block-image size-large\"><img loading=\"lazy\" decoding=\"async\" width=\"221\" height=\"221\" data-id=\"256\" src=\"http:\/\/intersport-poetscher.at\/wp-content\/uploads\/2022\/03\/hotelerietextilien.png\" alt=\"\" class=\"wp-image-256\" srcset=\"https:\/\/www.flock-print.at\/wp-content\/uploads\/2022\/03\/hotelerietextilien.png 221w, https:\/\/www.flock-print.at\/wp-content\/uploads\/2022\/03\/hotelerietextilien-150x150.png 150w\" sizes=\"auto, (max-width: 221px) 100vw, 221px\" \/><figcaption class=\"wp-element-caption\"><strong>Gastro- &amp; Hotelerietextilien<\/strong><\/figcaption><\/figure>\n\n\n\n<figure class=\"wp-block-image size-large\"><img loading=\"lazy\" decoding=\"async\" width=\"220\" height=\"220\" data-id=\"255\" src=\"http:\/\/intersport-poetscher.at\/wp-content\/uploads\/2022\/03\/eventbekleidung.png\" alt=\"\" class=\"wp-image-255\" srcset=\"https:\/\/www.flock-print.at\/wp-content\/uploads\/2022\/03\/eventbekleidung.png 220w, https:\/\/www.flock-print.at\/wp-content\/uploads\/2022\/03\/eventbekleidung-150x150.png 150w\" sizes=\"auto, (max-width: 220px) 100vw, 220px\" \/><figcaption class=\"wp-element-caption\"><strong>Promotion- &amp; Eventbekleidung<\/strong><\/figcaption><\/figure>\n\n\n\n<figure class=\"wp-block-image size-large\"><img loading=\"lazy\" decoding=\"async\" width=\"221\" height=\"221\" data-id=\"254\" src=\"http:\/\/intersport-poetscher.at\/wp-content\/uploads\/2022\/03\/spezialtextilien.png\" alt=\"\" class=\"wp-image-254\" srcset=\"https:\/\/www.flock-print.at\/wp-content\/uploads\/2022\/03\/spezialtextilien.png 221w, https:\/\/www.flock-print.at\/wp-content\/uploads\/2022\/03\/spezialtextilien-150x150.png 150w\" sizes=\"auto, (max-width: 221px) 100vw, 221px\" \/><figcaption class=\"wp-element-caption\"><strong>Spezialtextilien f\u00fcr Werbespots &amp; Shootings<\/strong><\/figcaption><\/figure>\n<\/figure>\n\n\n\n<div style=\"height:25px\" aria-hidden=\"true\" class=\"wp-block-spacer\"><\/div>\n\n\n\n<p class=\"has-text-align-left content-width\">\u2026 und jeden anderen Anlass, der es Wert ist, veredelt zu werden.<\/p>\n<\/div><\/div>\n\n\n\n<h3 class=\"wp-block-heading has-text-align-center bg-blue\">\u201eBevor wir die Textilien veredeln, stimmen wir uns nat\u00fcrlich mit<br>Ihnen ab. Schlie\u00dflich m\u00f6chten wir einen <strong>zufriedenen Kunden<br>und ein top Ergebnis<\/strong> f\u00fcr Sie erzielen!\u201c<\/h3>\n\n\n\n<div style=\"height:80px\" aria-hidden=\"true\" class=\"wp-block-spacer\"><\/div>\n\n\n\n<h2 class=\"wp-block-heading has-text-align-center\" id=\"service\">UNSER <strong>SERVICE<\/strong><\/h2>\n\n\n\n<div class=\"wp-block-group bg-green\"><div class=\"wp-block-group__inner-container is-layout-flow wp-block-group-is-layout-flow\">\n<p class=\"has-text-align-left content-width\">Welche Veredelungstechnik passt ideal zu Ihrem Textil? Welche Farben k\u00f6nnen wir f\u00fcr Sie drucken und kann Ihre Ware auch schnell und direkt geliefert werden? Gerne nehmen wir uns Zeit um all Ihre Fragen in einem pers\u00f6nlichen Beratungsgespr\u00e4ch zu beantworten. Gemeinsam erarbeiten wir die perfekte Kombination aus Ihren Textilien, grafischer Gestaltung und der dazu passenden Veredelung.<\/p>\n\n\n\n<div style=\"height:50px\" aria-hidden=\"true\" class=\"wp-block-spacer\"><\/div>\n\n\n\n<div class=\"wp-block-image content-width\"><figure class=\"aligncenter size-large\"><img decoding=\"async\" src=\"http:\/\/intersport-poetscher.at\/wp-content\/uploads\/2022\/03\/unser_service_icons-1024x624.png\" alt=\"\" class=\"wp-image-247\" width=\"NaN\" height=\"NaN\" srcset=\"https:\/\/www.flock-print.at\/wp-content\/uploads\/2022\/03\/unser_service_icons-1024x624.png 1024w, https:\/\/www.flock-print.at\/wp-content\/uploads\/2022\/03\/unser_service_icons-300x183.png 300w, https:\/\/www.flock-print.at\/wp-content\/uploads\/2022\/03\/unser_service_icons-768x468.png 768w, https:\/\/www.flock-print.at\/wp-content\/uploads\/2022\/03\/unser_service_icons.png 1187w\" sizes=\"(max-width: 1024px) 100vw, 1024px\" \/><\/figure><\/div>\n<\/div><\/div>\n\n\n\n<h3 class=\"wp-block-heading has-text-align-center bg-blue\">\u201eBevor wir mit den Textilien in die Produktion gehen,<strong> stimmen wir die Veredelung immer mit unseren Kunden ab<\/strong>. Schlie\u00dflich m\u00f6chten wir Sie als zufriedenen Kunden gewinnen und ein <strong>TOP<\/strong> Ergebnis erzielen!\u201c<\/h3>\n\n\n\n<div style=\"height:80px\" aria-hidden=\"true\" class=\"wp-block-spacer\"><\/div>\n\n\n\n<h2 class=\"wp-block-heading has-text-align-center\" id=\"procedure\">VEREDELUNGS<strong>VERFAHREN<\/strong><\/h2>\n\n\n\n<div class=\"wp-block-group bg-green\"><div class=\"wp-block-group__inner-container is-layout-flow wp-block-group-is-layout-flow\">\n<p class=\"has-text-align-center\" id=\"main-color\"><strong>Welches Verfahren speziell f\u00fcr ihre Textilien das Beste ist, dabei beraten wir sie gerne:<\/strong><\/p>\n\n\n\n<div style=\"height:35px\" aria-hidden=\"true\" class=\"wp-block-spacer\"><\/div>\n\n\n\n<figure class=\"wp-block-gallery has-nested-images columns-default is-cropped content-width wp-block-gallery-2 is-layout-flex wp-block-gallery-is-layout-flex\">\n<figure class=\"wp-block-image size-large is-style-default popmake-279\"><img loading=\"lazy\" decoding=\"async\" width=\"333\" height=\"333\" data-id=\"274\" src=\"http:\/\/intersport-poetscher.at\/wp-content\/uploads\/2022\/03\/sublimation.png\" alt=\"\" class=\"wp-image-274\" srcset=\"https:\/\/www.flock-print.at\/wp-content\/uploads\/2022\/03\/sublimation.png 333w, https:\/\/www.flock-print.at\/wp-content\/uploads\/2022\/03\/sublimation-300x300.png 300w, https:\/\/www.flock-print.at\/wp-content\/uploads\/2022\/03\/sublimation-150x150.png 150w\" sizes=\"auto, (max-width: 333px) 100vw, 333px\" \/><\/figure>\n\n\n\n<figure class=\"wp-block-image size-large is-style-default popmake-355\"><img loading=\"lazy\" decoding=\"async\" width=\"333\" height=\"333\" data-id=\"276\" src=\"http:\/\/intersport-poetscher.at\/wp-content\/uploads\/2022\/03\/druck.png\" alt=\"\" class=\"wp-image-276\" srcset=\"https:\/\/www.flock-print.at\/wp-content\/uploads\/2022\/03\/druck.png 333w, https:\/\/www.flock-print.at\/wp-content\/uploads\/2022\/03\/druck-300x300.png 300w, https:\/\/www.flock-print.at\/wp-content\/uploads\/2022\/03\/druck-150x150.png 150w\" sizes=\"auto, (max-width: 333px) 100vw, 333px\" \/><\/figure>\n\n\n\n<figure class=\"wp-block-image size-large is-style-default popmake-369\"><img loading=\"lazy\" decoding=\"async\" width=\"329\" height=\"328\" data-id=\"387\" src=\"http:\/\/intersport-poetscher.at\/wp-content\/uploads\/2022\/04\/flock3.png\" alt=\"\" class=\"wp-image-387\" srcset=\"https:\/\/www.flock-print.at\/wp-content\/uploads\/2022\/04\/flock3.png 329w, https:\/\/www.flock-print.at\/wp-content\/uploads\/2022\/04\/flock3-300x300.png 300w, https:\/\/www.flock-print.at\/wp-content\/uploads\/2022\/04\/flock3-150x150.png 150w\" sizes=\"auto, (max-width: 329px) 100vw, 329px\" \/><\/figure>\n<\/figure>\n\n\n\n<figure class=\"wp-block-gallery has-nested-images columns-default is-cropped content-width wp-block-gallery-3 is-layout-flex wp-block-gallery-is-layout-flex\">\n<figure class=\"wp-block-image size-large is-style-default popmake-361\"><img loading=\"lazy\" decoding=\"async\" width=\"333\" height=\"333\" data-id=\"275\" src=\"http:\/\/intersport-poetscher.at\/wp-content\/uploads\/2022\/03\/digitaldruck.png\" alt=\"\" class=\"wp-image-275\" srcset=\"https:\/\/www.flock-print.at\/wp-content\/uploads\/2022\/03\/digitaldruck.png 333w, https:\/\/www.flock-print.at\/wp-content\/uploads\/2022\/03\/digitaldruck-300x300.png 300w, https:\/\/www.flock-print.at\/wp-content\/uploads\/2022\/03\/digitaldruck-150x150.png 150w\" sizes=\"auto, (max-width: 333px) 100vw, 333px\" \/><\/figure>\n\n\n\n<figure class=\"wp-block-image size-large is-style-default popmake-364\"><img loading=\"lazy\" decoding=\"async\" width=\"333\" height=\"333\" data-id=\"273\" src=\"http:\/\/intersport-poetscher.at\/wp-content\/uploads\/2022\/03\/transfer.png\" alt=\"\" class=\"wp-image-273\" srcset=\"https:\/\/www.flock-print.at\/wp-content\/uploads\/2022\/03\/transfer.png 333w, https:\/\/www.flock-print.at\/wp-content\/uploads\/2022\/03\/transfer-300x300.png 300w, https:\/\/www.flock-print.at\/wp-content\/uploads\/2022\/03\/transfer-150x150.png 150w\" sizes=\"auto, (max-width: 333px) 100vw, 333px\" \/><\/figure>\n\n\n\n<figure class=\"wp-block-image size-large is-style-default popmake-367\"><img loading=\"lazy\" decoding=\"async\" width=\"333\" height=\"333\" data-id=\"272\" src=\"http:\/\/intersport-poetscher.at\/wp-content\/uploads\/2022\/03\/stick.png\" alt=\"\" class=\"wp-image-272\" srcset=\"https:\/\/www.flock-print.at\/wp-content\/uploads\/2022\/03\/stick.png 333w, https:\/\/www.flock-print.at\/wp-content\/uploads\/2022\/03\/stick-300x300.png 300w, https:\/\/www.flock-print.at\/wp-content\/uploads\/2022\/03\/stick-150x150.png 150w\" sizes=\"auto, (max-width: 333px) 100vw, 333px\" \/><\/figure>\n<\/figure>\n\n\n\n<div style=\"height:35px\" aria-hidden=\"true\" class=\"wp-block-spacer\"><\/div>\n\n\n\n<p class=\"has-text-align-center main-color has-large-font-size\"><strong>Fragen zu den Druckverfahren? <a href=\"https:\/\/www.flock-print.at\/#contact\" data-type=\"URL\">KONTAKTIERE UNS!<\/a><\/strong><\/p>\n<\/div><\/div>\n\n\n\n<h3 class=\"wp-block-heading has-text-align-center bg-blue\">\u201eW\u00e4hrend und nach der Produktion wird jedes Textil <strong>MIT<br>SORGFALT BEARBEITET<\/strong> und auf seine Qualit\u00e4t gepr\u00fcft.<br>Damit garantieren wir eine einwandfreie Lieferung.<br>Denn <strong>UNSERE KUNDEN SIND UNSERE WERBUNG!<\/strong>\u201c<\/h3>\n\n\n\n<div style=\"height:80px\" aria-hidden=\"true\" class=\"wp-block-spacer\"><\/div>\n\n\n\n<h2 class=\"wp-block-heading has-text-align-center\" id=\"customers\">UNSERE <strong>KUNDEN<\/strong><\/h2>\n\n\n\n<div class=\"wp-block-group bg-green content-width\"><div class=\"wp-block-group__inner-container is-layout-flow wp-block-group-is-layout-flow\">\n<p class=\"has-text-align-left\">Was unsere Kunden an uns sch\u00e4tzen? Konstante Qualit\u00e4t, Flexibilit\u00e4t, Verl\u00e4sslichkeit und eine<br>rasche Abwicklung. Denn unsere Kunden kommen aus den unterschiedlichsten Bereichen<\/p>\n\n\n\n<p class=\"has-text-align-center main-color\" style=\"font-size:25px\"><strong>ARBEITS- &amp; BERUFSBEKLEIDUNG \/ WERBEAGENTUREN \/ WIEDERVERK\u00c4UFER \/ SPORTBEKLEIDUNG &amp;<br>FACHHANDEL \/ SPORTVERB\u00c4NDE<\/strong><\/p>\n\n\n\n<div style=\"height:40px\" aria-hidden=\"true\" class=\"wp-block-spacer\"><\/div>\n\n\n\n<p class=\"has-text-align-center\" style=\"font-size:28px\"><a href=\"http:\/\/176.66.73.150\/getAssignment.html\" data-type=\"URL\" target=\"_blank\" rel=\"noreferrer noopener\">LOGIN KUNDENPORTAL<\/a><\/p>\n\n\n\n<div style=\"height:40px\" aria-hidden=\"true\" class=\"wp-block-spacer\"><\/div>\n\n\n<div class=\"wp-block-image\">\n<figure class=\"aligncenter size-large\"><img loading=\"lazy\" decoding=\"async\" width=\"1024\" height=\"336\" src=\"http:\/\/intersport-poetscher.at\/wp-content\/uploads\/2022\/03\/unsere_kunden_icons-1024x336.png\" alt=\"\" class=\"wp-image-289\" srcset=\"https:\/\/www.flock-print.at\/wp-content\/uploads\/2022\/03\/unsere_kunden_icons-1024x336.png 1024w, https:\/\/www.flock-print.at\/wp-content\/uploads\/2022\/03\/unsere_kunden_icons-300x98.png 300w, https:\/\/www.flock-print.at\/wp-content\/uploads\/2022\/03\/unsere_kunden_icons-768x252.png 768w, https:\/\/www.flock-print.at\/wp-content\/uploads\/2022\/03\/unsere_kunden_icons.png 1338w\" sizes=\"auto, (max-width: 1024px) 100vw, 1024px\" \/><\/figure>\n<\/div><\/div><\/div>\n\n\n\n<h3 class=\"wp-block-heading has-text-align-center bg-blue\">\u201e\u00dcber 400 zufriedene <strong>Kunden<\/strong> sprechen eine eindeutige <strong>Sprache<\/strong>.<br><strong>Sprechen auch sie mit uns!<\/strong>\u201c<\/h3>\n\n\n\n<div style=\"height:80px\" aria-hidden=\"true\" class=\"wp-block-spacer\"><\/div>\n\n\n\n<h2 class=\"wp-block-heading has-text-align-center\" id=\"contact\">KONTAKT &amp; <strong>ANFRAGE<\/strong><\/h2>\n\n\n\n<div class=\"wp-block-columns content-width bg-green contact-clm is-layout-flex wp-container-core-columns-is-layout-9d6595d7 wp-block-columns-is-layout-flex\">\n<div class=\"wp-block-column is-layout-flow wp-block-column-is-layout-flow\">\n<div class=\"wp-block-contact-form-7-contact-form-selector\">\n<div class=\"wpcf7 no-js\" id=\"wpcf7-f241-o1\" lang=\"de-DE\" dir=\"ltr\">\n<div class=\"screen-reader-response\"><p role=\"status\" aria-live=\"polite\" aria-atomic=\"true\"><\/p> <ul><\/ul><\/div>\n<form action=\"\/index.php?rest_route=%2Fwp%2Fv2%2Fpages%2F190#wpcf7-f241-o1\" method=\"post\" class=\"wpcf7-form init\" aria-label=\"Kontaktformular\" novalidate=\"novalidate\" data-status=\"init\">\n<div style=\"display: none;\">\n<input type=\"hidden\" name=\"_wpcf7\" value=\"241\" \/>\n<input type=\"hidden\" name=\"_wpcf7_version\" value=\"5.7.7\" \/>\n<input type=\"hidden\" name=\"_wpcf7_locale\" value=\"de_DE\" \/>\n<input type=\"hidden\" name=\"_wpcf7_unit_tag\" value=\"wpcf7-f241-o1\" \/>\n<input type=\"hidden\" name=\"_wpcf7_container_post\" value=\"0\" \/>\n<input type=\"hidden\" name=\"_wpcf7_posted_data_hash\" value=\"\" \/>\n<input type=\"hidden\" name=\"_wpcf7_recaptcha_response\" value=\"\" \/>\n<\/div>\n<p><label> Ihr Name<br \/>\n<span class=\"wpcf7-form-control-wrap\" data-name=\"your-name\"><input size=\"40\" class=\"wpcf7-form-control wpcf7-text wpcf7-validates-as-required\" aria-required=\"true\" aria-invalid=\"false\" value=\"\" type=\"text\" name=\"your-name\" \/><\/span> <\/label>\n<\/p>\n<p><label> Ihre E-Mail-Adresse<br \/>\n<span class=\"wpcf7-form-control-wrap\" data-name=\"your-email\"><input size=\"40\" class=\"wpcf7-form-control wpcf7-text wpcf7-email wpcf7-validates-as-required wpcf7-validates-as-email\" aria-required=\"true\" aria-invalid=\"false\" value=\"\" type=\"email\" name=\"your-email\" \/><\/span> <\/label>\n<\/p>\n<p><label> Ihre Telefonnummer<br \/>\n<span class=\"wpcf7-form-control-wrap\" data-name=\"tel-443\"><input size=\"40\" class=\"wpcf7-form-control wpcf7-text wpcf7-tel wpcf7-validates-as-tel\" aria-invalid=\"false\" value=\"\" type=\"tel\" name=\"tel-443\" \/><\/span> <\/label>\n<\/p>\n<p><label> Ihre Anfrage<br \/>\n<span class=\"wpcf7-form-control-wrap\" data-name=\"your-message\"><textarea cols=\"40\" rows=\"10\" class=\"wpcf7-form-control wpcf7-textarea\" aria-invalid=\"false\" name=\"your-message\"><\/textarea><\/span> <\/label>\n<\/p>\n<p><span class=\"wpcf7-form-control-wrap\" data-name=\"acceptance-887\"><span class=\"wpcf7-form-control wpcf7-acceptance\"><span class=\"wpcf7-list-item\"><label><input type=\"checkbox\" name=\"acceptance-887\" value=\"1\" aria-invalid=\"false\" \/><span class=\"wpcf7-list-item-label\">Mit Absenden des Formulares akzeptiere ich die Datenschutzbestimmungen<\/span><\/label><\/span><\/span><\/span>\n<\/p>\n<p><input class=\"wpcf7-form-control has-spinner wpcf7-submit\" type=\"submit\" value=\"Senden\" \/>\n<\/p><input type='hidden' class='wpcf7-pum' value='{\"closepopup\":false,\"closedelay\":0,\"openpopup\":false,\"openpopup_id\":0}' \/><div class=\"wpcf7-response-output\" aria-hidden=\"true\"><\/div>\n<\/form>\n<\/div>\n<\/div>\n<\/div>\n\n\n\n<div class=\"wp-block-column is-layout-flow wp-block-column-is-layout-flow\">\n<iframe src=\"https:\/\/www.google.com\/maps\/embed?pb=!1m18!1m12!1m3!1d2652.547254031559!2d14.172734415655775!3d48.330785579239254!2m3!1f0!2f0!3f0!3m2!1i1024!2i768!4f13.1!3m3!1m2!1s0x47739a86a6f08ea9%3A0x48790b437ffec8b2!2sFlock%20%2B%20Print%20Entre%C3%9F%20GmbH!5e0!3m2!1sde!2sat!4v1648884631753!5m2!1sde!2sat\" style=\"margin-top: 30px; border:0;\" allowfullscreen=\"\" loading=\"lazy\" referrerpolicy=\"no-referrer-when-downgrade\" width=\"600\" height=\"450\"><\/iframe>\n\n\n\n<div style=\"height:35px\" aria-hidden=\"true\" class=\"wp-block-spacer\"><\/div>\n\n\n\n<p class=\"has-text-align-left\">Flock &amp; Print Entress GmbH<br>Tabor 3 | 4100 Ottensheim<br>info@flock-print.at<br>Tel +43 7234 83113-0<br>Fax +43 7234 84181<\/p>\n<\/div>\n<\/div>\n\n\n\n<div style=\"height:50px\" aria-hidden=\"true\" class=\"wp-block-spacer\"><\/div>\n\n\n\n<p class=\"has-text-align-center has-medium-font-size\">\u00d6ffnungszeiten<\/p>\n\n\n\n<div class=\"wp-block-columns column_opening is-layout-flex wp-container-core-columns-is-layout-9d6595d7 wp-block-columns-is-layout-flex\">\n<div class=\"wp-block-column is-layout-flow wp-block-column-is-layout-flow\" style=\"flex-basis:100%\">\n<div class=\"wp-block-group\"><div class=\"wp-block-group__inner-container is-layout-flow wp-block-group-is-layout-flow\">\n<figure class=\"wp-block-table aligncenter is-style-regular table_opening\"><table><tbody><tr><td class=\"has-text-align-center\" data-align=\"center\">Montag<\/td><td class=\"has-text-align-center\" data-align=\"center\">08:00 &#8211; 12:00 und 12:30 \u2013 16:30 Uhr<\/td><\/tr><tr><td class=\"has-text-align-center\" data-align=\"center\">Dienstag<\/td><td class=\"has-text-align-center\" data-align=\"center\">08:00 &#8211; 12:00 und 12:30 \u2013 16:30 Uhr<\/td><\/tr><tr><td class=\"has-text-align-center\" data-align=\"center\">Mittwoch<\/td><td class=\"has-text-align-center\" data-align=\"center\">08:00 &#8211; 12:00 und 12:30 \u2013 16:30 Uhr<\/td><\/tr><tr><td class=\"has-text-align-center\" data-align=\"center\">Donnerstag<\/td><td class=\"has-text-align-center\" data-align=\"center\">08:00 &#8211; 12:00 und 12:30 \u2013 16:30 Uhr<\/td><\/tr><tr><td class=\"has-text-align-center\" data-align=\"center\">Freitag<\/td><td class=\"has-text-align-center\" data-align=\"center\">08:00\u201313:00<\/td><\/tr><tr><td class=\"has-text-align-center\" data-align=\"center\">Samstag<\/td><td class=\"has-text-align-center\" data-align=\"center\">Geschlossen<\/td><\/tr><tr><td class=\"has-text-align-center\" data-align=\"center\">Sonntag<\/td><td class=\"has-text-align-center\" data-align=\"center\">Geschlossen<\/td><\/tr><\/tbody><\/table><\/figure>\n<\/div><\/div>\n<\/div>\n<\/div>\n\n\n<p><!-- \/wp:post-content --><\/p>","protected":false},"excerpt":{"rendered":"<p>100% HANDARBEIT AUS \u00d6STERREICH F\u00fcr das steht die Firma FLOCK+PRINT seit dem Jahr 1980. Die gesamte Wertsch\u00f6pfung jeglicherArt von Textilveredelung findet am Standort Ottensheim im Land ob der Enns statt. Heute besteht unser Team aus 17 kompetenten Fachmitarbeitern, die jeden Ihrer Kundenauftr\u00e4gemit Sorgfalt, Zuverl\u00e4ssigkeit und der Liebe zum Detail bearbeitet. \u201eUnsere LEIDENSCHAFT liegt in der&hellip; <br \/> <a class=\"read-more\" href=\"https:\/\/www.flock-print.at\/\">Weiterlesen<\/a><\/p>\n","protected":false},"author":1,"featured_media":0,"parent":0,"menu_order":0,"comment_status":"closed","ping_status":"closed","template":"pro\/page-templates\/full-width-page.php","meta":{"footnotes":""},"class_list":["post-190","page","type-page","status-publish","hentry"],"_links":{"self":[{"href":"https:\/\/www.flock-print.at\/index.php?rest_route=\/wp\/v2\/pages\/190","targetHints":{"allow":["GET"]}}],"collection":[{"href":"https:\/\/www.flock-print.at\/index.php?rest_route=\/wp\/v2\/pages"}],"about":[{"href":"https:\/\/www.flock-print.at\/index.php?rest_route=\/wp\/v2\/types\/page"}],"author":[{"embeddable":true,"href":"https:\/\/www.flock-print.at\/index.php?rest_route=\/wp\/v2\/users\/1"}],"replies":[{"embeddable":true,"href":"https:\/\/www.flock-print.at\/index.php?rest_route=%2Fwp%2Fv2%2Fcomments&post=190"}],"version-history":[{"count":109,"href":"https:\/\/www.flock-print.at\/index.php?rest_route=\/wp\/v2\/pages\/190\/revisions"}],"predecessor-version":[{"id":620,"href":"https:\/\/www.flock-print.at\/index.php?rest_route=\/wp\/v2\/pages\/190\/revisions\/620"}],"wp:attachment":[{"href":"https:\/\/www.flock-print.at\/index.php?rest_route=%2Fwp%2Fv2%2Fmedia&parent=190"}],"curies":[{"name":"wp","href":"https:\/\/api.w.org\/{rel}","templated":true}]}}