{"id":292,"date":"2022-03-13T17:34:45","date_gmt":"2022-03-13T17:34:45","guid":{"rendered":"http:\/\/intersport-poetscher.at\/?page_id=292"},"modified":"2022-07-08T08:09:29","modified_gmt":"2022-07-08T08:09:29","slug":"agb","status":"publish","type":"page","link":"https:\/\/www.flock-print.at\/?page_id=292","title":{"rendered":"AGB"},"content":{"rendered":"\n<h2 class=\"has-text-align-center wp-block-heading\">AGB<\/h2>\n\n\n\n<p class=\"bg-green content-width\"><strong>KOSTENVORANSCHLAG:<\/strong><br><br>Der Kostenvoranschlag wird nach bestem Fachwissen erstellt, es kann jedoch keine Gew\u00e4hr f\u00fcr die Richtigkeit \u00fcbernommen werden.<br><br>Sollten sich nach Auftragserteilung Kostenerh\u00f6hungen im Ausma\u00df von \u00fcber 15 % ergeben, werden wir den Vertragspartner davon unverz\u00fcglich verst\u00e4ndigen.<br><br>Handelt es sich um unvermeidliche Kosten\u00fcberschreitungen bis 15 %, ist eine gesonderte Verst\u00e4ndigung nicht erforderlich und sind wir berechtigt, diese Kosten ohne weiteres in Rechnung zu stellen.<br><br>Kostenvoranschl\u00e4ge sind entgeltlich. Ein f\u00fcr den Kostenvoranschlag bezahltes Entgelt wird gutgeschrieben, wenn auf Grund dieses Kostenvoranschlages ein Auftrag erteilt wird.<br><br><br><strong>ZUSATZAUFTR\u00c4GE:<\/strong><br><br>Sofern nichts anderes vereinbart wurde, sind wir berechtigt, Auftrags\u00e4nderungen oder Zusatzauftr\u00e4ge zu angemessenen Preisen in Rechnung zu stellen.<br><br><br><strong>PREISGLEITKLAUSE:<\/strong><br><br>Sollten sich die Lohnkosten auf Grund kollektivvertraglicher Regelungen in der Branche oder auf Grund innerbetrieblicher Abschl\u00fcsse oder andere zur<br>Leistungserstellung notwendige Kosten (wie jene f\u00fcr Materialien, Energie,<br>Transporte, Fremdarbeiten, Finanzierung etc) ver\u00e4ndern, sind wir berechtigt, die<br>Preise entsprechend anzupassen.<br><br><br><strong>LIEFERUNG:<\/strong><br><br>Alle Lieferungen erfolgen ab 4100 Ottensheim, Tabor 3. Transportkosten und Transportrisiko gehen zu Lasten des K\u00e4ufers.Teillieferungen sind zul\u00e4ssig. Mit der Angabe der Lieferzeit wird ein fixer Termin nicht vereinbart. Nach Ablauf der angegebenen Lieferzeit mu\u00df vom K\u00e4ufer eine angemesse- ne Nachfrist von mindestens vier Wochen ab Zugang seiner Erkl\u00e4rung gesetzt werden, bevor er vom Vertrag zur\u00fccktreten kann. Anspr\u00fcche auf Schadensersatz sind dabei ausgeschlossen.<br><br>Bei h\u00f6herer Gewalt, sowie unverschuldeten Betriebsst\u00f6rungen kann die Lieferfrist auf die Dauer der Behinderung verl\u00e4ngert werden. Anspr\u00fcche auf Schadensersatz sind dabei ausgeschlossen.<br><br><br><strong>TRANSFER:<\/strong><br><br>Bitte kontrollieren Sie die von uns produzierten Transfers auf ihre Richtigkeit in Satz und Farbe bevor Sie die Embleme auf ihr Textil transferieren. Bei fehlerhaften Transfers (Satz und Farbe) er- statten wir nur diese, nicht das vom Kunden bedruckte Textil.<br><br><br><strong>EIGENTUMSVORBEHALT:<\/strong><br><br>Die Ware bleibt bis zur vollst\u00e4ndigen Bezahlung unser Eigentum. Eine Weiterver\u00e4u\u00dferung ist nur zul\u00e4ssig, wenn uns diese rechtzeitig vorher unter Anf\u00fchrung des Namens bzw. der Firma und der genauen (Gesch\u00e4fts)Anschrift des K\u00e4ufers bekannt gegeben wurde und wir der Ver\u00e4u\u00dferung zustimmen.<br><br>Im Fall unserer Zustimmung gilt die Kaufpreisforderung schon jetzt als an uns abgetreten und sind wir jederzeit befugt, den K\u00e4ufer von dieser Abtretung zu verst\u00e4ndigen.<br><br><br><strong>LEISTUNGS\u00c4NDERUNGEN:<\/strong><br><br>Sachlich gerechtfertigte und angemessene \u00c4nderungen unserer Leistungsverpflichtung hat der Vertragspartner zu tolerieren.<br><br>Sachlich gerechtfertigte und geringf\u00fcgige \u00c4nderungen, den Liefertermin betreffend, k\u00f6nnen unsererseits vorgenommen werden. Wir werden dann, wenn die tats\u00e4chliche Frist\u00fcberschreitung absch\u00e4tzbar ist &#8211; sp\u00e4testens jedoch eine Woche vor dem urspr\u00fcnglich vereinbarten Liefertermin &#8211; bekannt geben, wann die Lieferung erfolgen wird.<br><br><br><strong>GEW\u00c4HRLEISTUNG:<\/strong><br><br>Abgesehen von jenen F\u00e4llen, in denen von Gesetzes wegen das Recht auf Vertragsaufl\u00f6sung zusteht, behalten wir uns vor, den Gew\u00e4hrleistungsanspruch nach unserer Wahl durch Verbesserung, Austausch oder Preisminderung zu erf\u00fcllen.<br><br>Der Vertragspartner hat stets zu beweisen, dass der Mangel zum \u00dcbergabezeitpunkt bereits vorhanden war.<br><br>Die Ware ist nach der Ablieferung unverz\u00fcglich zu untersuchen. Dabei festgestellte M\u00e4ngel sind uns ebenso unverz\u00fcglich, sp\u00e4testens aber innerhalb von 7 Tagen<br>nach Ablieferung unter Bekanntgabe von Art und Umfang des Mangels bekannt zu geben.<br><br>Verdeckte M\u00e4ngel sind unverz\u00fcglich nach ihrer Entdeckung zu r\u00fcgen. Wird eine M\u00e4ngelr\u00fcge nicht oder nicht rechtzeitig erhoben, gilt die Ware als genehmigt. Die Geltendmachung von Gew\u00e4hrleistungs- oder Schadenersatzanspr\u00fcchen wegen des Mangels selbst sowie das Recht auf Irrtumsanfechtung auf Grund von M\u00e4ngeln sind in diesen F\u00e4llen ausgeschlossen.<br><br>Die Gew\u00e4hrleistungsfrist betr\u00e4gt f\u00fcr bewegliche Sachen 6 Monate, f\u00fcr unbewegliche Sachen 1 Jahre ab Lieferung\/Leistung.<br><br><br><strong>HAFTUNG<\/strong><br><br>Abgesehen von Personensch\u00e4den haften wir nur, wenn uns vom Gesch\u00e4digten zumindest grobe Fahrl\u00e4ssigkeit nachgewiesen wird. Schadenersatzforderungen verj\u00e4hren in 6 Monaten ab Kenntnis von Schaden und Sch\u00e4diger, jedenfalls in (zB 8) Jahren nach Erbringung der Leistung oder Lieferung.<br><br><strong>PRODUKTHAFTUNG:<\/strong><br><br>Allf\u00e4llige Regressforderungen, die aus dem Titel \u201eProdukthaftung\u201c iSd PHG gegen uns gestellt werden, sind ausgeschlossen, es sei denn, der Regressberechtigte weist nach, dass der Fehler in unserer Sph\u00e4re verursacht und zumindest grob fahrl\u00e4ssig verschuldet worden ist.<br><br><br><strong>AUFRECHNUNG:<\/strong><br><br>Eine Aufrechnung gegen unsere Anspr\u00fcche mit Gegenforderungen, welcher Art auch immer, ist ausgeschlossen.<br><br><br><strong>ZAHLUNGEN:<\/strong><br><br>Rechnungen sind zahlbar innerhalb der auf der Rechnung\/Lieferschein vereinbarten Frist. Wechsel werden generell nicht akzeptiert.<br><br>Bei Verzug des K\u00e4ufers, ab dem 31.Kalendertag nach Rechnungsdatum, werden Verzugszinsen in H\u00f6he der \u00fcblichen Bankzinsen (Diskontsatz der \u00d6sterreichischen Nationalbank) vom K\u00e4ufer ge- schuldet.<br><br>Erf\u00fcllungsort f\u00fcr Zahlungen ist Ottensheim<br><br>Verkaufs-, Lieferungs- und Zahlungsbedingungen der K\u00e4ufer sowie auch Allgemeine Gesch\u00e4ftsbe- dingungen finden keine Anwendung.<br><br>Gerichtsstand ist A-4020 Linz<br><br>Sollten eine oder mehrere der vorstehenden Bestimmungen unwirksam sein oder werden, so wird davon die Wirksamkeit der \u00fcbrigen Bestimmungen nicht betroffen. Die unwirksame Bestimmung ist durch eine wirksame zu ersetzen, die den der unwirksamen Bestimmung verfolgten wirtschaftli- chen Zweck soweit wie m\u00f6glich verwirklicht.<br><br><br><strong>VERZUGSZINSEN, INKASSOKOSTEN:<\/strong><br><br>Bei Zahlungsverzug des Vertragspartners sind wir berechtigt, Verzugszinsen in der H\u00f6he von 10 % j\u00e4hrlich zu verrechnen; dadurch werden Anspr\u00fcche auf Ersatz nachgewiesener h\u00f6herer Zinsen nicht beeintr\u00e4chtigt.<br><br>Im Falle des Zahlungsverzuges ist der Vertragspartner gem\u00e4\u00df \u00a7 458 UGB verschuldensunabh\u00e4ngig verpflichtet, als Entsch\u00e4digung f\u00fcr unsererseits entstandene Betreibungskosten einen Pauschalbetrag von EUR 40,- zu entrichten.<br><br>Im Falle der Beiziehung eines Inkassob\u00fcros verpflichtet sich der Vertragspartner dar\u00fcber hinaus, die uns dadurch entstehenden Kosten, soweit diese nicht die H\u00f6chsts\u00e4tze der Inkassob\u00fcros geb\u00fchrenden Verg\u00fctungen laut Verordnung des BMWA \u00fcberschreiten, zu ersetzen.<\/p>\n","protected":false},"excerpt":{"rendered":"<p>AGB KOSTENVORANSCHLAG: Der Kostenvoranschlag wird nach bestem Fachwissen erstellt, es kann jedoch keine Gew\u00e4hr f\u00fcr die Richtigkeit \u00fcbernommen werden. Sollten sich nach Auftragserteilung Kostenerh\u00f6hungen im Ausma\u00df von \u00fcber 15 % ergeben, werden wir den Vertragspartner davon unverz\u00fcglich verst\u00e4ndigen. Handelt es sich um unvermeidliche Kosten\u00fcberschreitungen bis 15 %, ist eine gesonderte Verst\u00e4ndigung nicht erforderlich und sind&hellip; <br \/> <a class=\"read-more\" href=\"https:\/\/www.flock-print.at\/?page_id=292\">Weiterlesen<\/a><\/p>\n","protected":false},"author":1,"featured_media":0,"parent":0,"menu_order":0,"comment_status":"closed","ping_status":"closed","template":"","meta":{"footnotes":""},"class_list":["post-292","page","type-page","status-publish","hentry"],"_links":{"self":[{"href":"https:\/\/www.flock-print.at\/index.php?rest_route=\/wp\/v2\/pages\/292","targetHints":{"allow":["GET"]}}],"collection":[{"href":"https:\/\/www.flock-print.at\/index.php?rest_route=\/wp\/v2\/pages"}],"about":[{"href":"https:\/\/www.flock-print.at\/index.php?rest_route=\/wp\/v2\/types\/page"}],"author":[{"embeddable":true,"href":"https:\/\/www.flock-print.at\/index.php?rest_route=\/wp\/v2\/users\/1"}],"replies":[{"embeddable":true,"href":"https:\/\/www.flock-print.at\/index.php?rest_route=%2Fwp%2Fv2%2Fcomments&post=292"}],"version-history":[{"count":9,"href":"https:\/\/www.flock-print.at\/index.php?rest_route=\/wp\/v2\/pages\/292\/revisions"}],"predecessor-version":[{"id":583,"href":"https:\/\/www.flock-print.at\/index.php?rest_route=\/wp\/v2\/pages\/292\/revisions\/583"}],"wp:attachment":[{"href":"https:\/\/www.flock-print.at\/index.php?rest_route=%2Fwp%2Fv2%2Fmedia&parent=292"}],"curies":[{"name":"wp","href":"https:\/\/api.w.org\/{rel}","templated":true}]}}