{"id":295,"date":"2022-03-13T17:35:36","date_gmt":"2022-03-13T17:35:36","guid":{"rendered":"http:\/\/intersport-poetscher.at\/?page_id=295"},"modified":"2022-07-13T14:46:02","modified_gmt":"2022-07-13T14:46:02","slug":"impressum-2","status":"publish","type":"page","link":"https:\/\/www.flock-print.at\/?page_id=295","title":{"rendered":"Impressum"},"content":{"rendered":"\n<h2 class=\"has-text-align-center wp-block-heading\">IMPRESSUM<\/h2>\n\n\n\n<p class=\"has-text-align-center bg-green content-width\">FLOCK+PRINT ENTRE\u00df GMBH<br><br>Tabor 3 <br>4100 Ottensheim<br><br>Tel.: +43 (0) 7234 83113 18 <br>Fax: +43 (0) 7234 84181 <br>Email: <a href=\"mailto:info@flock-print.at\">info@flock-print.at<\/a> <br>Web: www.flock-print.at<br><br>Inhaber \/ Gesch\u00e4ftsf\u00fchrer: Peter P\u00f6tscher <br><br>Registergericht: Landesgericht Linz <br>Registernummer: 245683z <br>Finanzamt: Freistadt Rohrbach Urfahr <br>UID: ATU 58036645<br>Sitz der Gesellschaft: 4100 Ottensheim<\/p>\n","protected":false},"excerpt":{"rendered":"<p>IMPRESSUM FLOCK+PRINT ENTRE\u00df GMBH Tabor 3 4100 Ottensheim Tel.: +43 (0) 7234 83113 18 Fax: +43 (0) 7234 84181 Email: info@flock-print.at Web: www.flock-print.at Inhaber \/ Gesch\u00e4ftsf\u00fchrer: Peter P\u00f6tscher Registergericht: Landesgericht Linz Registernummer: 245683z Finanzamt: Freistadt Rohrbach Urfahr UID: ATU 58036645Sitz der Gesellschaft: 4100 Ottensheim<\/p>\n","protected":false},"author":1,"featured_media":0,"parent":0,"menu_order":0,"comment_status":"closed","ping_status":"closed","template":"","meta":{"footnotes":""},"class_list":["post-295","page","type-page","status-publish","hentry"],"_links":{"self":[{"href":"https:\/\/www.flock-print.at\/index.php?rest_route=\/wp\/v2\/pages\/295","targetHints":{"allow":["GET"]}}],"collection":[{"href":"https:\/\/www.flock-print.at\/index.php?rest_route=\/wp\/v2\/pages"}],"about":[{"href":"https:\/\/www.flock-print.at\/index.php?rest_route=\/wp\/v2\/types\/page"}],"author":[{"embeddable":true,"href":"https:\/\/www.flock-print.at\/index.php?rest_route=\/wp\/v2\/users\/1"}],"replies":[{"embeddable":true,"href":"https:\/\/www.flock-print.at\/index.php?rest_route=%2Fwp%2Fv2%2Fcomments&post=295"}],"version-history":[{"count":12,"href":"https:\/\/www.flock-print.at\/index.php?rest_route=\/wp\/v2\/pages\/295\/revisions"}],"predecessor-version":[{"id":607,"href":"https:\/\/www.flock-print.at\/index.php?rest_route=\/wp\/v2\/pages\/295\/revisions\/607"}],"wp:attachment":[{"href":"https:\/\/www.flock-print.at\/index.php?rest_route=%2Fwp%2Fv2%2Fmedia&parent=295"}],"curies":[{"name":"wp","href":"https:\/\/api.w.org\/{rel}","templated":true}]}}